{"id":1138,"date":"2025-03-06T17:23:07","date_gmt":"2025-03-06T17:23:07","guid":{"rendered":"https:\/\/arpetax.com\/?page_id=1138"},"modified":"2026-02-04T18:26:43","modified_gmt":"2026-02-04T17:26:43","slug":"aviso-legal","status":"publish","type":"page","link":"https:\/\/arpetax.com\/es\/aviso-legal\/","title":{"rendered":"Aviso Legal"},"content":{"rendered":"\t\t<div data-elementor-type=\"wp-page\" data-elementor-id=\"1138\" class=\"elementor elementor-1138\" data-elementor-settings=\"{&quot;element_pack_global_tooltip_width&quot;:{&quot;unit&quot;:&quot;px&quot;,&quot;size&quot;:&quot;&quot;,&quot;sizes&quot;:[]},&quot;element_pack_global_tooltip_width_tablet&quot;:{&quot;unit&quot;:&quot;px&quot;,&quot;size&quot;:&quot;&quot;,&quot;sizes&quot;:[]},&quot;element_pack_global_tooltip_width_mobile&quot;:{&quot;unit&quot;:&quot;px&quot;,&quot;size&quot;:&quot;&quot;,&quot;sizes&quot;:[]},&quot;element_pack_global_tooltip_padding&quot;:{&quot;unit&quot;:&quot;px&quot;,&quot;top&quot;:&quot;&quot;,&quot;right&quot;:&quot;&quot;,&quot;bottom&quot;:&quot;&quot;,&quot;left&quot;:&quot;&quot;,&quot;isLinked&quot;:true},&quot;element_pack_global_tooltip_padding_tablet&quot;:{&quot;unit&quot;:&quot;px&quot;,&quot;top&quot;:&quot;&quot;,&quot;right&quot;:&quot;&quot;,&quot;bottom&quot;:&quot;&quot;,&quot;left&quot;:&quot;&quot;,&quot;isLinked&quot;:true},&quot;element_pack_global_tooltip_padding_mobile&quot;:{&quot;unit&quot;:&quot;px&quot;,&quot;top&quot;:&quot;&quot;,&quot;right&quot;:&quot;&quot;,&quot;bottom&quot;:&quot;&quot;,&quot;left&quot;:&quot;&quot;,&quot;isLinked&quot;:true},&quot;element_pack_global_tooltip_border_radius&quot;:{&quot;unit&quot;:&quot;px&quot;,&quot;top&quot;:&quot;&quot;,&quot;right&quot;:&quot;&quot;,&quot;bottom&quot;:&quot;&quot;,&quot;left&quot;:&quot;&quot;,&quot;isLinked&quot;:true},&quot;element_pack_global_tooltip_border_radius_tablet&quot;:{&quot;unit&quot;:&quot;px&quot;,&quot;top&quot;:&quot;&quot;,&quot;right&quot;:&quot;&quot;,&quot;bottom&quot;:&quot;&quot;,&quot;left&quot;:&quot;&quot;,&quot;isLinked&quot;:true},&quot;element_pack_global_tooltip_border_radius_mobile&quot;:{&quot;unit&quot;:&quot;px&quot;,&quot;top&quot;:&quot;&quot;,&quot;right&quot;:&quot;&quot;,&quot;bottom&quot;:&quot;&quot;,&quot;left&quot;:&quot;&quot;,&quot;isLinked&quot;:true}}\">\n\t\t\t\t<div class=\"elementor-element elementor-element-74f8f20 e-flex e-con-boxed e-con e-parent\" data-id=\"74f8f20\" data-element_type=\"container\" data-e-type=\"container\">\n\t\t\t\t\t<div class=\"e-con-inner\">\n\t\t\t\t<div class=\"elementor-element elementor-element-2ed21c3 bdt-backdrop-filter-yes elementor-widget elementor-widget-heading\" data-id=\"2ed21c3\" data-element_type=\"widget\" data-e-type=\"widget\" data-widget_type=\"heading.default\">\n\t\t\t\t<div class=\"elementor-widget-container\">\n\t\t\t\t\t<h1 class=\"elementor-heading-title elementor-size-default\">Aviso Legal<\/h1>\t\t\t\t<\/div>\n\t\t\t\t<\/div>\n\t\t\t\t\t<\/div>\n\t\t\t\t<\/div>\n\t\t<div class=\"elementor-element elementor-element-1899c9c e-flex e-con-boxed e-con e-parent\" data-id=\"1899c9c\" data-element_type=\"container\" data-e-type=\"container\">\n\t\t\t\t\t<div class=\"e-con-inner\">\n\t\t\t\t<div class=\"elementor-element elementor-element-3becd38 elementor-widget elementor-widget-text-editor\" data-id=\"3becd38\" data-element_type=\"widget\" data-e-type=\"widget\" data-widget_type=\"text-editor.default\">\n\t\t\t\t<div class=\"elementor-widget-container\">\n\t\t\t\t\t\t\t\t\t<h3 data-pm-slice=\"1 1 []\">1. Identificaci\u00f3n del Titular<\/h3><p>De acuerdo con el deber de informaci\u00f3n establecido en la Ley 34\/2002, de Servicios de la Sociedad de la Informaci\u00f3n y del Comercio Electr\u00f3nico (LSSI-CE), se indican a continuaci\u00f3n los datos del titular del sitio web:<\/p><ul data-spread=\"false\"><li><p><strong>Titular<\/strong>: Arturo Pablo Lopez Peiro<\/p><\/li><li><p><strong>NIF\/CIF<\/strong>:44887174Y<\/p><\/li><li><strong>Colegiado N\u00ba<\/strong>: 20502 Il<span class=\"kY2IgmnCmOGjharHErah\">ustre Colegio de Abogados de Valencia (ICAV)<\/span><\/li><li><p><strong>Domicilio Social<\/strong>: Avenida Cortes Valencianas N\u00ba26 B3 E5 P09 (46015), Valencia, Espa\u00f1a<\/p><\/li><li><p><strong>Correo Electr\u00f3nico<\/strong>: info@arpetax.com<\/p><\/li><\/ul><h3>2. Condiciones de Uso<\/h3><p>El acceso y uso del sitio web atribuye la condici\u00f3n de usuario, implicando la aceptaci\u00f3n plena de las condiciones expuestas en el presente Aviso Legal. El usuario se compromete a hacer un uso adecuado del sitio web y a no emplearlo para actividades il\u00edcitas o que contravengan la legislaci\u00f3n vigente.<\/p><h3>3. Propiedad Intelectual e Industrial<\/h3><p>Todos los contenidos del sitio web (textos, im\u00e1genes, logotipos, dise\u00f1o, etc.) est\u00e1n protegidos por derechos de propiedad intelectual e industrial, siendo titularidad del responsable del sitio web o de terceros autorizados. Queda prohibida su reproducci\u00f3n, distribuci\u00f3n o modificaci\u00f3n sin autorizaci\u00f3n expresa del titular.<\/p><h3>4. Responsabilidad<\/h3><p>El titular del sitio web no se hace responsable de los da\u00f1os o perjuicios que puedan derivarse del uso indebido de la informaci\u00f3n contenida en la web, ni de la falta de disponibilidad temporal del sitio.<\/p><h3>5. Enlaces Externos<\/h3><p>Este sitio web puede incluir enlaces a terceros. No nos responsabilizamos del contenido, pol\u00edticas de privacidad o pr\u00e1cticas de estos sitios externos.<\/p><h3>6. Protecci\u00f3n de Datos<\/h3><p>El tratamiento de datos personales se realizar\u00e1 conforme a lo establecido en la normativa vigente en materia de protecci\u00f3n de datos. Para m\u00e1s informaci\u00f3n, consulta nuestra <a href=\"https:\/\/arpetax.com\/politica-de-privacidad\/\">Pol\u00edtica de Privacidad.<\/a><\/p><h3>7. Legislaci\u00f3n Aplicable y Jurisdicci\u00f3n<\/h3><p>Las presentes condiciones se rigen por la legislaci\u00f3n espa\u00f1ola. Para cualquier controversia que pudiera derivarse del acceso o uso del sitio web, ambas partes se someten a los juzgados y tribunales de Valencia.<\/p>\t\t\t\t\t\t\t\t<\/div>\n\t\t\t\t<\/div>\n\t\t\t\t\t<\/div>\n\t\t\t\t<\/div>\n\t\t\t\t<\/div>\n\t\t","protected":false},"excerpt":{"rendered":"<p>Aviso Legal 1. Identificaci\u00f3n del Titular De acuerdo con el deber de informaci\u00f3n establecido en la Ley 34\/2002, de Servicios de la [&hellip;]<\/p>\n","protected":false},"author":1,"featured_media":0,"parent":0,"menu_order":0,"comment_status":"closed","ping_status":"closed","template":"","meta":{"footnotes":""},"class_list":["post-1138","page","type-page","status-publish","hentry"],"_links":{"self":[{"href":"https:\/\/arpetax.com\/es\/wp-json\/wp\/v2\/pages\/1138","targetHints":{"allow":["GET"]}}],"collection":[{"href":"https:\/\/arpetax.com\/es\/wp-json\/wp\/v2\/pages"}],"about":[{"href":"https:\/\/arpetax.com\/es\/wp-json\/wp\/v2\/types\/page"}],"author":[{"embeddable":true,"href":"https:\/\/arpetax.com\/es\/wp-json\/wp\/v2\/users\/1"}],"replies":[{"embeddable":true,"href":"https:\/\/arpetax.com\/es\/wp-json\/wp\/v2\/comments?post=1138"}],"version-history":[{"count":34,"href":"https:\/\/arpetax.com\/es\/wp-json\/wp\/v2\/pages\/1138\/revisions"}],"predecessor-version":[{"id":1785,"href":"https:\/\/arpetax.com\/es\/wp-json\/wp\/v2\/pages\/1138\/revisions\/1785"}],"wp:attachment":[{"href":"https:\/\/arpetax.com\/es\/wp-json\/wp\/v2\/media?parent=1138"}],"curies":[{"name":"wp","href":"https:\/\/api.w.org\/{rel}","templated":true}]}}