{"id":1184,"date":"2025-03-06T17:50:44","date_gmt":"2025-03-06T17:50:44","guid":{"rendered":"https:\/\/arpetax.com\/?page_id=1184"},"modified":"2026-02-04T18:35:30","modified_gmt":"2026-02-04T17:35:30","slug":"politica-de-privacidad","status":"publish","type":"page","link":"https:\/\/arpetax.com\/es\/politica-de-privacidad\/","title":{"rendered":"Pol\u00edtica de Privacidad"},"content":{"rendered":"\t\t<div data-elementor-type=\"wp-page\" data-elementor-id=\"1184\" class=\"elementor elementor-1184\" data-elementor-settings=\"{&quot;element_pack_global_tooltip_width&quot;:{&quot;unit&quot;:&quot;px&quot;,&quot;size&quot;:&quot;&quot;,&quot;sizes&quot;:[]},&quot;element_pack_global_tooltip_width_tablet&quot;:{&quot;unit&quot;:&quot;px&quot;,&quot;size&quot;:&quot;&quot;,&quot;sizes&quot;:[]},&quot;element_pack_global_tooltip_width_mobile&quot;:{&quot;unit&quot;:&quot;px&quot;,&quot;size&quot;:&quot;&quot;,&quot;sizes&quot;:[]},&quot;element_pack_global_tooltip_padding&quot;:{&quot;unit&quot;:&quot;px&quot;,&quot;top&quot;:&quot;&quot;,&quot;right&quot;:&quot;&quot;,&quot;bottom&quot;:&quot;&quot;,&quot;left&quot;:&quot;&quot;,&quot;isLinked&quot;:true},&quot;element_pack_global_tooltip_padding_tablet&quot;:{&quot;unit&quot;:&quot;px&quot;,&quot;top&quot;:&quot;&quot;,&quot;right&quot;:&quot;&quot;,&quot;bottom&quot;:&quot;&quot;,&quot;left&quot;:&quot;&quot;,&quot;isLinked&quot;:true},&quot;element_pack_global_tooltip_padding_mobile&quot;:{&quot;unit&quot;:&quot;px&quot;,&quot;top&quot;:&quot;&quot;,&quot;right&quot;:&quot;&quot;,&quot;bottom&quot;:&quot;&quot;,&quot;left&quot;:&quot;&quot;,&quot;isLinked&quot;:true},&quot;element_pack_global_tooltip_border_radius&quot;:{&quot;unit&quot;:&quot;px&quot;,&quot;top&quot;:&quot;&quot;,&quot;right&quot;:&quot;&quot;,&quot;bottom&quot;:&quot;&quot;,&quot;left&quot;:&quot;&quot;,&quot;isLinked&quot;:true},&quot;element_pack_global_tooltip_border_radius_tablet&quot;:{&quot;unit&quot;:&quot;px&quot;,&quot;top&quot;:&quot;&quot;,&quot;right&quot;:&quot;&quot;,&quot;bottom&quot;:&quot;&quot;,&quot;left&quot;:&quot;&quot;,&quot;isLinked&quot;:true},&quot;element_pack_global_tooltip_border_radius_mobile&quot;:{&quot;unit&quot;:&quot;px&quot;,&quot;top&quot;:&quot;&quot;,&quot;right&quot;:&quot;&quot;,&quot;bottom&quot;:&quot;&quot;,&quot;left&quot;:&quot;&quot;,&quot;isLinked&quot;:true}}\">\n\t\t\t\t<div class=\"elementor-element elementor-element-74f8f20 e-flex e-con-boxed e-con e-parent\" data-id=\"74f8f20\" data-element_type=\"container\" data-e-type=\"container\">\n\t\t\t\t\t<div class=\"e-con-inner\">\n\t\t\t\t<div class=\"elementor-element elementor-element-2ed21c3 bdt-backdrop-filter-yes elementor-widget elementor-widget-heading\" data-id=\"2ed21c3\" data-element_type=\"widget\" data-e-type=\"widget\" data-widget_type=\"heading.default\">\n\t\t\t\t<div class=\"elementor-widget-container\">\n\t\t\t\t\t<h1 class=\"elementor-heading-title elementor-size-default\">Pol\u00edtica de Privacidad<\/h1>\t\t\t\t<\/div>\n\t\t\t\t<\/div>\n\t\t\t\t\t<\/div>\n\t\t\t\t<\/div>\n\t\t<div class=\"elementor-element elementor-element-1899c9c e-flex e-con-boxed e-con e-parent\" data-id=\"1899c9c\" data-element_type=\"container\" data-e-type=\"container\">\n\t\t\t\t\t<div class=\"e-con-inner\">\n\t\t\t\t<div class=\"elementor-element elementor-element-3becd38 elementor-widget elementor-widget-text-editor\" data-id=\"3becd38\" data-element_type=\"widget\" data-e-type=\"widget\" data-widget_type=\"text-editor.default\">\n\t\t\t\t<div class=\"elementor-widget-container\">\n\t\t\t\t\t\t\t\t\t<h3>1. Responsable del Tratamiento<\/h3><p>En cumplimiento del Reglamento General de Protecci\u00f3n de Datos (RGPD) y dem\u00e1s normativas aplicables en materia de protecci\u00f3n de datos, se proporciona la siguiente informaci\u00f3n sobre el tratamiento de datos personales:<\/p><ul data-spread=\"false\"><li><p><strong>Responsable<\/strong>:\u00a0<span style=\"text-align: var(--text-align); color: var(--uicore-typography--p-c,'#070707'); font-family: var(--uicore-typography--p-f,'Inter'); font-size: var(--uicore-typography--p-s,'10px'); font-style: var(--uicore-typography--p-st,'normal'); font-weight: var(--uicore-typography--p-w,'600'); letter-spacing: var(--uicore-typography--p-ls,'-0.027em'); text-transform: var(--uicore-typography--p-t,'none');\">Arturo Pablo Lopez Peiro<\/span><\/p><\/li><li><p><strong>NIF\/CIF<\/strong>:\u00a0<span style=\"text-align: var(--text-align); color: var(--uicore-typography--p-c,'#070707'); font-family: var(--uicore-typography--p-f,'Inter'); font-size: var(--uicore-typography--p-s,'10px'); font-style: var(--uicore-typography--p-st,'normal'); font-weight: var(--uicore-typography--p-w,'600'); letter-spacing: var(--uicore-typography--p-ls,'-0.027em'); text-transform: var(--uicore-typography--p-t,'none');\">44887174Y<\/span><\/p><\/li><li><strong>Colegiado N\u00ba<\/strong>: 20502 Il<span class=\"kY2IgmnCmOGjharHErah\">ustre Colegio de Abogados de Valencia (ICAV)<\/span><\/li><li><p><strong>Domicilio Social<\/strong>: Avenida Cortes Valencianas N\u00ba26 B3 E5 P09 <span style=\"text-align: var(--text-align); color: var(--uicore-typography--p-c,'#070707'); font-family: var(--uicore-typography--p-f,'Inter'); font-size: var(--uicore-typography--p-s,'10px'); font-style: var(--uicore-typography--p-st,'normal'); font-weight: var(--uicore-typography--p-w,'600'); letter-spacing: var(--uicore-typography--p-ls,'-0.027em'); text-transform: var(--uicore-typography--p-t,'none');\">Valencia (46015), Valencia, Espa\u00f1a<\/span><\/p><\/li><li><p><strong>Correo Electr\u00f3nico<\/strong>:\u00a0<span style=\"font-size: inherit; text-align: var(--text-align); color: var(--uicore-typography--p-c,'#070707'); font-family: var(--uicore-typography--p-f,'Inter'); font-style: var(--uicore-typography--p-st,'normal'); font-weight: var(--uicore-typography--p-w,'600'); letter-spacing: var(--uicore-typography--p-ls,'-0.027em'); text-transform: var(--uicore-typography--p-t,'none');\">info@arpetax.com<\/span><\/p><\/li><\/ul><h3>2. Finalidad del Tratamiento de los Datos<\/h3><p>Los datos personales recopilados a trav\u00e9s de este sitio web ser\u00e1n utilizados para los siguientes fines:<\/p><ul data-spread=\"false\"><li><p>Atender consultas y proporcionar la informaci\u00f3n solicitada.<\/p><\/li><li><p>Gestionar la prestaci\u00f3n de servicios y relaciones contractuales.<\/p><\/li><li><p>Enviar comunicaciones comerciales (si el usuario ha dado su consentimiento expreso).<\/p><\/li><li><p>Cumplir con las obligaciones legales aplicables.<\/p><\/li><\/ul><h3>3. Base Legal del Tratamiento<\/h3><p>El tratamiento de los datos personales se basa en:<\/p><ul data-spread=\"false\"><li><p>El consentimiento del usuario.<\/p><\/li><li><p>La ejecuci\u00f3n de un contrato o medidas precontractuales.<\/p><\/li><li><p>Obligaciones legales aplicables al responsable del tratamiento.<\/p><\/li><li><p>Inter\u00e9s leg\u00edtimo, cuando sea aplicable.<\/p><\/li><\/ul><h3>4. Plazo de Conservaci\u00f3n de los Datos<\/h3><p>Los datos personales ser\u00e1n conservados durante el tiempo necesario para cumplir con la finalidad para la que fueron recopilados y para cumplir con obligaciones legales. Una vez finalizado este per\u00edodo, los datos ser\u00e1n eliminados de manera segura o anonimizados.<\/p><h3>5. Comunicaci\u00f3n y Transferencia de Datos<\/h3><p>El responsable del tratamiento no compartir\u00e1 datos personales con terceros, salvo obligaci\u00f3n legal o cuando sea necesario para la prestaci\u00f3n del servicio. En caso de transferencias internacionales de datos, se aplicar\u00e1n garant\u00edas adecuadas.<\/p><h3>6. Derechos de los Usuarios<\/h3><p>Los usuarios tienen los siguientes derechos sobre sus datos personales:<\/p><ul data-spread=\"false\"><li><p>Acceder, rectificar o suprimir sus datos.<\/p><\/li><li><p>Limitar u oponerse al tratamiento.<\/p><\/li><li><p>Portabilidad de los datos.<\/p><\/li><li><p>Retirar el consentimiento en cualquier momento.<\/p><\/li><li><p>Presentar una reclamaci\u00f3n ante la autoridad de control si consideran que se han vulnerado sus derechos.<\/p><\/li><\/ul><p>Para ejercer estos derechos, los usuarios pueden contactar con el responsable del tratamiento a trav\u00e9s del correo electr\u00f3nico indicado.<\/p><h3>7. Medidas de Seguridad<\/h3><p>Se han implementado medidas t\u00e9cnicas y organizativas adecuadas para garantizar la seguridad de los datos personales y evitar accesos no autorizados, alteraciones o destrucciones.<\/p><h3>8. Modificaciones de esta Pol\u00edtica de Privacidad<\/h3><p>Esta Pol\u00edtica de Privacidad puede actualizarse para reflejar cambios en la legislaci\u00f3n o en los servicios ofrecidos. Se recomienda a los usuarios revisarla peri\u00f3dicamente.<\/p>\t\t\t\t\t\t\t\t<\/div>\n\t\t\t\t<\/div>\n\t\t\t\t\t<\/div>\n\t\t\t\t<\/div>\n\t\t\t\t<\/div>\n\t\t","protected":false},"excerpt":{"rendered":"<p>Pol\u00edtica de Privacidad 1. Responsable del Tratamiento En cumplimiento del Reglamento General de Protecci\u00f3n de Datos (RGPD) y dem\u00e1s normativas aplicables en [&hellip;]<\/p>\n","protected":false},"author":1,"featured_media":0,"parent":0,"menu_order":0,"comment_status":"closed","ping_status":"closed","template":"","meta":{"footnotes":""},"class_list":["post-1184","page","type-page","status-publish","hentry"],"_links":{"self":[{"href":"https:\/\/arpetax.com\/es\/wp-json\/wp\/v2\/pages\/1184","targetHints":{"allow":["GET"]}}],"collection":[{"href":"https:\/\/arpetax.com\/es\/wp-json\/wp\/v2\/pages"}],"about":[{"href":"https:\/\/arpetax.com\/es\/wp-json\/wp\/v2\/types\/page"}],"author":[{"embeddable":true,"href":"https:\/\/arpetax.com\/es\/wp-json\/wp\/v2\/users\/1"}],"replies":[{"embeddable":true,"href":"https:\/\/arpetax.com\/es\/wp-json\/wp\/v2\/comments?post=1184"}],"version-history":[{"count":10,"href":"https:\/\/arpetax.com\/es\/wp-json\/wp\/v2\/pages\/1184\/revisions"}],"predecessor-version":[{"id":1792,"href":"https:\/\/arpetax.com\/es\/wp-json\/wp\/v2\/pages\/1184\/revisions\/1792"}],"wp:attachment":[{"href":"https:\/\/arpetax.com\/es\/wp-json\/wp\/v2\/media?parent=1184"}],"curies":[{"name":"wp","href":"https:\/\/api.w.org\/{rel}","templated":true}]}}