{"id":1750,"date":"2025-07-22T13:29:51","date_gmt":"2025-07-22T11:29:51","guid":{"rendered":"https:\/\/arpetax.com\/?page_id=1750"},"modified":"2025-07-22T13:57:27","modified_gmt":"2025-07-22T11:57:27","slug":"blog","status":"publish","type":"page","link":"https:\/\/arpetax.com\/es\/blog\/","title":{"rendered":"Blog"},"content":{"rendered":"\t\t<div data-elementor-type=\"wp-page\" data-elementor-id=\"1750\" class=\"elementor elementor-1750\" data-elementor-settings=\"{&quot;element_pack_global_tooltip_width&quot;:{&quot;unit&quot;:&quot;px&quot;,&quot;size&quot;:&quot;&quot;,&quot;sizes&quot;:[]},&quot;element_pack_global_tooltip_width_tablet&quot;:{&quot;unit&quot;:&quot;px&quot;,&quot;size&quot;:&quot;&quot;,&quot;sizes&quot;:[]},&quot;element_pack_global_tooltip_width_mobile&quot;:{&quot;unit&quot;:&quot;px&quot;,&quot;size&quot;:&quot;&quot;,&quot;sizes&quot;:[]},&quot;element_pack_global_tooltip_padding&quot;:{&quot;unit&quot;:&quot;px&quot;,&quot;top&quot;:&quot;&quot;,&quot;right&quot;:&quot;&quot;,&quot;bottom&quot;:&quot;&quot;,&quot;left&quot;:&quot;&quot;,&quot;isLinked&quot;:true},&quot;element_pack_global_tooltip_padding_tablet&quot;:{&quot;unit&quot;:&quot;px&quot;,&quot;top&quot;:&quot;&quot;,&quot;right&quot;:&quot;&quot;,&quot;bottom&quot;:&quot;&quot;,&quot;left&quot;:&quot;&quot;,&quot;isLinked&quot;:true},&quot;element_pack_global_tooltip_padding_mobile&quot;:{&quot;unit&quot;:&quot;px&quot;,&quot;top&quot;:&quot;&quot;,&quot;right&quot;:&quot;&quot;,&quot;bottom&quot;:&quot;&quot;,&quot;left&quot;:&quot;&quot;,&quot;isLinked&quot;:true},&quot;element_pack_global_tooltip_border_radius&quot;:{&quot;unit&quot;:&quot;px&quot;,&quot;top&quot;:&quot;&quot;,&quot;right&quot;:&quot;&quot;,&quot;bottom&quot;:&quot;&quot;,&quot;left&quot;:&quot;&quot;,&quot;isLinked&quot;:true},&quot;element_pack_global_tooltip_border_radius_tablet&quot;:{&quot;unit&quot;:&quot;px&quot;,&quot;top&quot;:&quot;&quot;,&quot;right&quot;:&quot;&quot;,&quot;bottom&quot;:&quot;&quot;,&quot;left&quot;:&quot;&quot;,&quot;isLinked&quot;:true},&quot;element_pack_global_tooltip_border_radius_mobile&quot;:{&quot;unit&quot;:&quot;px&quot;,&quot;top&quot;:&quot;&quot;,&quot;right&quot;:&quot;&quot;,&quot;bottom&quot;:&quot;&quot;,&quot;left&quot;:&quot;&quot;,&quot;isLinked&quot;:true}}\">\n\t\t\t\t<div class=\"elementor-element elementor-element-344ab0a e-flex e-con-boxed e-con e-parent\" data-id=\"344ab0a\" data-element_type=\"container\" data-e-type=\"container\">\n\t\t\t\t\t<div class=\"e-con-inner\">\n\t\t<div class=\"elementor-element elementor-element-8a4ca8c e-con-full e-flex e-con e-child\" data-id=\"8a4ca8c\" data-element_type=\"container\" data-e-type=\"container\">\n\t\t\t\t<div class=\"elementor-element elementor-element-f802bdc elementor-widget elementor-widget-heading\" data-id=\"f802bdc\" data-element_type=\"widget\" data-e-type=\"widget\" data-widget_type=\"heading.default\">\n\t\t\t\t<div class=\"elementor-widget-container\">\n\t\t\t\t\t<h2 class=\"elementor-heading-title elementor-size-default\">Blog ARPE<\/h2>\t\t\t\t<\/div>\n\t\t\t\t<\/div>\n\t\t\t\t<\/div>\n\t\t\t\t<div class=\"elementor-element elementor-element-fb319b3 elementor-widget elementor-widget-text-editor\" data-id=\"fb319b3\" data-element_type=\"widget\" data-e-type=\"widget\" data-widget_type=\"text-editor.default\">\n\t\t\t\t<div class=\"elementor-widget-container\">\n\t\t\t\t\t\t\t\t\t<p>Compartiendo informaci\u00f3n y opini\u00f3n acerca de casos relevantes y novedades legislativas<\/p>\t\t\t\t\t\t\t\t<\/div>\n\t\t\t\t<\/div>\n\t\t\t\t\t<\/div>\n\t\t\t\t<\/div>\n\t\t<div class=\"elementor-element elementor-element-561edc6 e-flex e-con-boxed e-con e-parent\" data-id=\"561edc6\" data-element_type=\"container\" data-e-type=\"container\" data-settings=\"{&quot;background_background&quot;:&quot;classic&quot;}\">\n\t\t\t\t\t<div class=\"e-con-inner\">\n\t\t\t\t<div class=\"elementor-element elementor-element-17b1e45 elementor-widget__width-initial elementor-widget-tablet__width-inherit elementor-widget-mobile__width-inherit no ui-e-apg-classic ui-e-img-anim-zoom elementor-invisible elementor-widget elementor-widget-uicore-advanced-post-grid woocommerce elementor-widget-uicore-advanced-post-grid\" data-id=\"17b1e45\" data-element_type=\"widget\" data-e-type=\"widget\" data-settings=\"{&quot;_animation&quot;:&quot;zoomOutUp&quot;,&quot;_animation_delay&quot;:600,&quot;masonry&quot;:&quot;no&quot;}\" data-widget_type=\"uicore-advanced-post-grid.default\">\n\t\t\t\t<div class=\"elementor-widget-container\">\n\t\t\t\t\t            <div class=\"ui-e-adv-grid \">\n                \n                <div class=\"ui-e-post-item ui-e-item ui-e-animations-wrp  \">\n                    <article class=\"post-1736 post type-post status-publish format-standard has-post-thumbnail hentry category-fiscalidad tag-fiscalidad-inmobiliaria tag-valor-de-referencia\">\n                        <div class=\"ui-e-post-top\">\n                                    <a class=\"ui-e-post-img-wrapp\"\n            href=\"https:\/\/arpetax.com\/es\/la-inversion-inmobiliaria-y-su-fiscalidad-en-espana-comentario-acerca-del-valor-de-referencia\/\"\n            title=\"View Post:La inversi\u00f3n inmobiliaria y su fiscalidad en Espa\u00f1a &#8211; Comentario acerca del valor de referencia\">\n\n                            <div class=\"ui-e-post-img\" style=\"background-image:url(https:\/\/arpetax.com\/wp-content\/uploads\/2025\/07\/imagen_combinada-650x205.png)\"><\/div>\n                    <\/a>\n                                                        <\/div>\n\n                        \n                        <div class=\"ui-e-post-content\">\n\n                                                                <a href=\"https:\/\/arpetax.com\/es\/la-inversion-inmobiliaria-y-su-fiscalidad-en-espana-comentario-acerca-del-valor-de-referencia\/\" title=\"View Post:La inversi\u00f3n inmobiliaria y su fiscalidad en Espa\u00f1a &#8211; Comentario acerca del valor de referencia\">\n            <h4 class=\"ui-e-post-title\">\n                <span> La inversi\u00f3n inmobiliaria y su fiscalidad en Espa\u00f1a &#8211; Comentario acerca del valor de referencia <\/span>\n            <\/h4>\n        <\/a>\n                                                                                                                            <a href=\"https:\/\/arpetax.com\/es\/la-inversion-inmobiliaria-y-su-fiscalidad-en-espana-comentario-acerca-del-valor-de-referencia\/\" class=\"elementor-button-link elementor-button ui-e-readmore\" role=\"button\">\n            <span class=\"elementor-button-content-wrapper elementor-button-content\"><span class=\"elementor-button-icon elementor-align-icon-row-reverse\"><svg aria-hidden=\"true\" class=\"e-font-icon-svg e-fas-arrow-right\" viewBox=\"0 0 448 512\" xmlns=\"http:\/\/www.w3.org\/2000\/svg\"><path d=\"M190.5 66.9l22.2-22.2c9.4-9.4 24.6-9.4 33.9 0L441 239c9.4 9.4 9.4 24.6 0 33.9L246.6 467.3c-9.4 9.4-24.6 9.4-33.9 0l-22.2-22.2c-9.5-9.5-9.3-25 .4-34.3L311.4 296H24c-13.3 0-24-10.7-24-24v-32c0-13.3 10.7-24 24-24h287.4L190.9 101.2c-9.8-9.3-10-24.8-.4-34.3z\"><\/path><\/svg><\/span><span class=\"elementor-button-text\">Leer m\u00e1s<\/span> <\/span>        <\/a>\n                                <\/div>\n                    <\/article>\n                <\/div>\n\n                \n                <div class=\"ui-e-post-item ui-e-item ui-e-animations-wrp  \">\n                    <article class=\"post-1726 post type-post status-publish format-standard has-post-thumbnail hentry category-fiscalidad tag-empresa-familiar tag-fiscalidad-inmobiliaria\">\n                        <div class=\"ui-e-post-top\">\n                                    <a class=\"ui-e-post-img-wrapp\"\n            href=\"https:\/\/arpetax.com\/es\/reduccion-del-95-en-el-isd-y-empresa-familiar-puede-un-comunero-ser-considerado-trabajador-laboral-a-los-efectos-del-articulo-27-2-lirpf\/\"\n            title=\"View Post:Reducci\u00f3n del 95% en el ISD: \u00bfPuede un comunero ser considerado trabajador laboral a los efectos del art\u00edculo 27.2 LIRPF?\">\n\n                            <div class=\"ui-e-post-img\" style=\"background-image:url(https:\/\/arpetax.com\/wp-content\/uploads\/2025\/07\/el-impuesto-de-sucesiones-y-donaciones-por-comunidades-auto-nomas_6_928x621-1375159600-650x435.jpeg)\"><\/div>\n                    <\/a>\n                                                        <\/div>\n\n                        \n                        <div class=\"ui-e-post-content\">\n\n                                                                <a href=\"https:\/\/arpetax.com\/es\/reduccion-del-95-en-el-isd-y-empresa-familiar-puede-un-comunero-ser-considerado-trabajador-laboral-a-los-efectos-del-articulo-27-2-lirpf\/\" title=\"View Post:Reducci\u00f3n del 95% en el ISD: \u00bfPuede un comunero ser considerado trabajador laboral a los efectos del art\u00edculo 27.2 LIRPF?\">\n            <h4 class=\"ui-e-post-title\">\n                <span> Reducci\u00f3n del 95% en el ISD: \u00bfPuede un comunero ser considerado trabajador laboral a los efectos del art\u00edculo 27.2 LIRPF? <\/span>\n            <\/h4>\n        <\/a>\n                                                                                                                            <a href=\"https:\/\/arpetax.com\/es\/reduccion-del-95-en-el-isd-y-empresa-familiar-puede-un-comunero-ser-considerado-trabajador-laboral-a-los-efectos-del-articulo-27-2-lirpf\/\" class=\"elementor-button-link elementor-button ui-e-readmore\" role=\"button\">\n            <span class=\"elementor-button-content-wrapper elementor-button-content\"><span class=\"elementor-button-icon elementor-align-icon-row-reverse\"><svg aria-hidden=\"true\" class=\"e-font-icon-svg e-fas-arrow-right\" viewBox=\"0 0 448 512\" xmlns=\"http:\/\/www.w3.org\/2000\/svg\"><path d=\"M190.5 66.9l22.2-22.2c9.4-9.4 24.6-9.4 33.9 0L441 239c9.4 9.4 9.4 24.6 0 33.9L246.6 467.3c-9.4 9.4-24.6 9.4-33.9 0l-22.2-22.2c-9.5-9.5-9.3-25 .4-34.3L311.4 296H24c-13.3 0-24-10.7-24-24v-32c0-13.3 10.7-24 24-24h287.4L190.9 101.2c-9.8-9.3-10-24.8-.4-34.3z\"><\/path><\/svg><\/span><span class=\"elementor-button-text\">Leer m\u00e1s<\/span> <\/span>        <\/a>\n                                <\/div>\n                    <\/article>\n                <\/div>\n\n                            <\/div>\n\t\t\t\t<\/div>\n\t\t\t\t<\/div>\n\t\t\t\t\t<\/div>\n\t\t\t\t<\/div>\n\t\t\t\t<\/div>\n\t\t","protected":false},"excerpt":{"rendered":"<p>Blog ARPE Compartiendo informaci\u00f3n y opini\u00f3n acerca de casos relevantes y novedades legislativas La inversi\u00f3n inmobiliaria y su fiscalidad en Espa\u00f1a &#8211; [&hellip;]<\/p>\n","protected":false},"author":2,"featured_media":0,"parent":0,"menu_order":0,"comment_status":"closed","ping_status":"closed","template":"","meta":{"footnotes":""},"class_list":["post-1750","page","type-page","status-publish","hentry"],"_links":{"self":[{"href":"https:\/\/arpetax.com\/es\/wp-json\/wp\/v2\/pages\/1750","targetHints":{"allow":["GET"]}}],"collection":[{"href":"https:\/\/arpetax.com\/es\/wp-json\/wp\/v2\/pages"}],"about":[{"href":"https:\/\/arpetax.com\/es\/wp-json\/wp\/v2\/types\/page"}],"author":[{"embeddable":true,"href":"https:\/\/arpetax.com\/es\/wp-json\/wp\/v2\/users\/2"}],"replies":[{"embeddable":true,"href":"https:\/\/arpetax.com\/es\/wp-json\/wp\/v2\/comments?post=1750"}],"version-history":[{"count":7,"href":"https:\/\/arpetax.com\/es\/wp-json\/wp\/v2\/pages\/1750\/revisions"}],"predecessor-version":[{"id":1778,"href":"https:\/\/arpetax.com\/es\/wp-json\/wp\/v2\/pages\/1750\/revisions\/1778"}],"wp:attachment":[{"href":"https:\/\/arpetax.com\/es\/wp-json\/wp\/v2\/media?parent=1750"}],"curies":[{"name":"wp","href":"https:\/\/api.w.org\/{rel}","templated":true}]}}